{"id":1322,"date":"2025-10-31T10:11:45","date_gmt":"2025-10-31T07:11:45","guid":{"rendered":"https:\/\/ghidurideseuri.ro\/?page_id=1322"},"modified":"2025-10-31T23:18:45","modified_gmt":"2025-10-31T20:18:45","slug":"task-a1-5-instructiuni-de-lucru-revizuite-cu-privire-la-modul-de-actualizare-a-planului-tarifar","status":"publish","type":"page","link":"https:\/\/ghidurideseuri.ro\/en\/biblioteca\/task-a1-5-instructiuni-de-lucru-revizuite-cu-privire-la-modul-de-actualizare-a-planului-tarifar\/","title":{"rendered":"Task A1.5 Revised Working Instructions on updating the tariff plan"},"content":{"rendered":"<p>The Working Instructions were elaborated in accordance with the legal provisions in force, specifically GEO 133\/2022 and A.N.R.S.C. President Order 640\/2022, to facilitate a better understanding of the methodology for updating the Tariff Plan for household and non-household users, as stipulated in the Annex to the MA LIOP Circular.<\/p>\n\n\n\n<h3 class=\"wp-block-heading\"><strong><span style=\"color: var(--theme-palette-color-1, #007f5f);\" class=\"stk-highlight\">To whom is the Guideline addressed?<\/span><\/strong><\/h3>\n\n\n\n<p>This document is useful to the authorities involved in calculating the affordability threshold, providing a practical tool for determining the maximum values users can sustain based on recent statistical data.<\/p>\n\n\n\n<h3 class=\"wp-block-heading\"><strong><span style=\"color: var(--theme-palette-color-1, #007f5f);\" class=\"stk-highlight\">When and how is the Tariff Plan updated?<\/span><\/strong><\/h3>\n\n\n\n<p class=\"translation-block\"><strong>The Financial Model<\/strong> is completed only once after all delegation contracts are awarded at the Integrated Waste Management System (IWMS) level. Subsequently, the updating is carried out annually, considering the following aspects:<\/p>\n\n\n\n<ul class=\"wp-block-list\">\n<li class=\"translation-block\"><em>For the <strong>Tariff Plans expressed as fixed prices<\/strong><\/em>: annually, at the same time with the adjustment\/modification of tariffs for sanitation activities, the maximum tariffs for household users will be adjusted with the consumption prices (IPC), the cumulated index published by INS for the period comprised between the date of updating the Tariff Plan and the current year;<\/li>\n\n\n\n<li class=\"translation-block\"><em>For the <strong>Tariff Plans expressed as current prices<\/strong><\/em>: annually, at the same time as the adjustment\/modification of tariffs for sanitation activities, considering whether inflation has evolved significantly from the estimate at the time of updating the Tariff Plan. If the inflation rate increase recorded in the previous year is significantly different from the one estimated at the time of updating the Tariff Plan, maximum tariffs will be adjusted in such a way as to reflect the actual inflation rate.<\/li>\n<\/ul>\n\n\n\n<div class=\"wp-block-buttons is-content-justification-right is-layout-flex wp-container-core-buttons-is-layout-d445cf74 wp-block-buttons-is-layout-flex\">\n<div class=\"wp-block-button\"><a class=\"wp-block-button__link has-palette-color-8-color has-palette-color-1-background-color has-text-color has-background has-link-color wp-element-button\" href=\"\/wp-content\/uploads\/2025\/10\/A1.5-Instructiune-actualizare-Plan-Tarifar_Dec-2023.zip\" style=\"border-radius:18px\"><strong>Access the full Guideline<\/strong><\/a><\/div>\n<\/div>\n\n\n\n<p><a id=\"_msocom_1\"><\/a><\/p>","protected":false},"excerpt":{"rendered":"<p>Instruc\u021biunile de lucru au fost elaborate \u021bin\u00e2nd cont de prevederile legale \u00een vigoare, \u0219i \u00een mod specific de prevederile OUG nr. 133\/2022 \u0219i ale Ordinului Pre\u0219edintelui A.N.R.S.C. nr. 640\/2022, cu scopul de a facilita o mai bun\u0103 \u00een\u021belegere a metodologiei de actualizare a Planului tarifar pentru utilizatorii casnici \u0219i non-casnici, prev\u0103zut\u0103 \u00een Anexa la Circulara [&hellip;]<\/p>","protected":false},"author":1,"featured_media":0,"parent":650,"menu_order":2,"comment_status":"closed","ping_status":"closed","template":"","meta":{"footnotes":""},"class_list":["post-1322","page","type-page","status-publish","hentry"],"blocksy_meta":{"has_hero_section":"enabled","hero_section":"type-2","styles_descriptor":{"styles":{"desktop":"[data-prefix=\"single_page\"] .entry-header .page-title {--theme-font-size:30px;} [data-prefix=\"single_page\"] .entry-header .entry-meta {--theme-font-weight:600;--theme-text-transform:uppercase;--theme-font-size:12px;--theme-line-height:1.3;} [data-prefix=\"single_page\"] .hero-section[data-type=\"type-2\"] {background-color:var(--theme-palette-color-6);background-image:none;--container-padding:50px 0px;}","tablet":"","mobile":""},"google_fonts":[],"version":6}},"yoast_head":"<!-- This site is optimized with the Yoast SEO plugin v26.5 - https:\/\/yoast.com\/wordpress\/plugins\/seo\/ -->\n<title>Task A1.5 Instruc\u021biuni de lucru revizuite cu privire la modul de actualizare a Planului tarifar - GhiduriDeseuri.ro<\/title>\n<meta name=\"robots\" content=\"index, follow, max-snippet:-1, max-image-preview:large, max-video-preview:-1\" \/>\n<link rel=\"canonical\" href=\"https:\/\/ghidurideseuri.ro\/en\/biblioteca\/task-a1-5-instructiuni-de-lucru-revizuite-cu-privire-la-modul-de-actualizare-a-planului-tarifar\/\" \/>\n<meta property=\"og:locale\" content=\"en_US\" \/>\n<meta property=\"og:type\" content=\"article\" \/>\n<meta property=\"og:title\" content=\"Task A1.5 Instruc\u021biuni de lucru revizuite cu privire la modul de actualizare a Planului tarifar - GhiduriDeseuri.ro\" \/>\n<meta property=\"og:description\" content=\"Instruc\u021biunile de lucru au fost elaborate \u021bin\u00e2nd cont de prevederile legale \u00een vigoare, \u0219i \u00een mod specific de prevederile OUG nr. 133\/2022 \u0219i ale Ordinului Pre\u0219edintelui A.N.R.S.C. nr. 640\/2022, cu scopul de a facilita o mai bun\u0103 \u00een\u021belegere a metodologiei de actualizare a Planului tarifar pentru utilizatorii casnici \u0219i non-casnici, prev\u0103zut\u0103 \u00een Anexa la Circulara [&hellip;]\" \/>\n<meta property=\"og:url\" content=\"https:\/\/ghidurideseuri.ro\/en\/biblioteca\/task-a1-5-instructiuni-de-lucru-revizuite-cu-privire-la-modul-de-actualizare-a-planului-tarifar\/\" \/>\n<meta property=\"og:site_name\" content=\"GhiduriDeseuri.ro\" \/>\n<meta property=\"article:modified_time\" content=\"2025-10-31T20:18:45+00:00\" \/>\n<meta name=\"twitter:card\" content=\"summary_large_image\" \/>\n<meta name=\"twitter:label1\" content=\"Est. reading time\" \/>\n\t<meta name=\"twitter:data1\" content=\"1 minute\" \/>\n<script type=\"application\/ld+json\" class=\"yoast-schema-graph\">{\"@context\":\"https:\/\/schema.org\",\"@graph\":[{\"@type\":\"WebPage\",\"@id\":\"https:\/\/ghidurideseuri.ro\/biblioteca\/task-a1-5-instructiuni-de-lucru-revizuite-cu-privire-la-modul-de-actualizare-a-planului-tarifar\/\",\"url\":\"https:\/\/ghidurideseuri.ro\/biblioteca\/task-a1-5-instructiuni-de-lucru-revizuite-cu-privire-la-modul-de-actualizare-a-planului-tarifar\/\",\"name\":\"Task A1.5 Instruc\u021biuni de lucru revizuite cu privire la modul de actualizare a Planului tarifar - GhiduriDeseuri.ro\",\"isPartOf\":{\"@id\":\"https:\/\/ghidurideseuri.ro\/#website\"},\"datePublished\":\"2025-10-31T07:11:45+00:00\",\"dateModified\":\"2025-10-31T20:18:45+00:00\",\"breadcrumb\":{\"@id\":\"https:\/\/ghidurideseuri.ro\/biblioteca\/task-a1-5-instructiuni-de-lucru-revizuite-cu-privire-la-modul-de-actualizare-a-planului-tarifar\/#breadcrumb\"},\"inLanguage\":\"en-US\",\"potentialAction\":[{\"@type\":\"ReadAction\",\"target\":[\"https:\/\/ghidurideseuri.ro\/biblioteca\/task-a1-5-instructiuni-de-lucru-revizuite-cu-privire-la-modul-de-actualizare-a-planului-tarifar\/\"]}]},{\"@type\":\"BreadcrumbList\",\"@id\":\"https:\/\/ghidurideseuri.ro\/biblioteca\/task-a1-5-instructiuni-de-lucru-revizuite-cu-privire-la-modul-de-actualizare-a-planului-tarifar\/#breadcrumb\",\"itemListElement\":[{\"@type\":\"ListItem\",\"position\":1,\"name\":\"Home\",\"item\":\"https:\/\/ghidurideseuri.ro\/\"},{\"@type\":\"ListItem\",\"position\":2,\"name\":\"Bibliotec\u0103\",\"item\":\"https:\/\/www.ghidurideseuri.ro\/en\/biblioteca\/\"},{\"@type\":\"ListItem\",\"position\":3,\"name\":\"Task A1.5 Instruc\u021biuni de lucru revizuite cu privire la modul de actualizare a Planului tarifar\"}]},{\"@type\":\"WebSite\",\"@id\":\"https:\/\/ghidurideseuri.ro\/#website\",\"url\":\"https:\/\/ghidurideseuri.ro\/\",\"name\":\"GhiduriDeseuri.ro\",\"description\":\"\",\"publisher\":{\"@id\":\"https:\/\/ghidurideseuri.ro\/#organization\"},\"potentialAction\":[{\"@type\":\"SearchAction\",\"target\":{\"@type\":\"EntryPoint\",\"urlTemplate\":\"https:\/\/ghidurideseuri.ro\/?s={search_term_string}\"},\"query-input\":{\"@type\":\"PropertyValueSpecification\",\"valueRequired\":true,\"valueName\":\"search_term_string\"}}],\"inLanguage\":\"en-US\"},{\"@type\":\"Organization\",\"@id\":\"https:\/\/ghidurideseuri.ro\/#organization\",\"name\":\"GhiduriDeseuri.ro\",\"url\":\"https:\/\/ghidurideseuri.ro\/\",\"logo\":{\"@type\":\"ImageObject\",\"inLanguage\":\"en-US\",\"@id\":\"https:\/\/ghidurideseuri.ro\/#\/schema\/logo\/image\/\",\"url\":\"\/wp-content\/uploads\/2025\/10\/waste-guide-logo-v2.png\",\"contentUrl\":\"\/wp-content\/uploads\/2025\/10\/waste-guide-logo-v2.png\",\"width\":1303,\"height\":704,\"caption\":\"GhiduriDeseuri.ro\"},\"image\":{\"@id\":\"https:\/\/ghidurideseuri.ro\/#\/schema\/logo\/image\/\"}}]}<\/script>\n<!-- \/ Yoast SEO plugin. -->","yoast_head_json":{"title":"Task A1.5 Instruc\u021biuni de lucru revizuite cu privire la modul de actualizare a Planului tarifar - GhiduriDeseuri.ro","robots":{"index":"index","follow":"follow","max-snippet":"max-snippet:-1","max-image-preview":"max-image-preview:large","max-video-preview":"max-video-preview:-1"},"canonical":"https:\/\/ghidurideseuri.ro\/en\/biblioteca\/task-a1-5-instructiuni-de-lucru-revizuite-cu-privire-la-modul-de-actualizare-a-planului-tarifar\/","og_locale":"en_US","og_type":"article","og_title":"Task A1.5 Instruc\u021biuni de lucru revizuite cu privire la modul de actualizare a Planului tarifar - GhiduriDeseuri.ro","og_description":"Instruc\u021biunile de lucru au fost elaborate \u021bin\u00e2nd cont de prevederile legale \u00een vigoare, \u0219i \u00een mod specific de prevederile OUG nr. 133\/2022 \u0219i ale Ordinului Pre\u0219edintelui A.N.R.S.C. nr. 640\/2022, cu scopul de a facilita o mai bun\u0103 \u00een\u021belegere a metodologiei de actualizare a Planului tarifar pentru utilizatorii casnici \u0219i non-casnici, prev\u0103zut\u0103 \u00een Anexa la Circulara [&hellip;]","og_url":"https:\/\/ghidurideseuri.ro\/en\/biblioteca\/task-a1-5-instructiuni-de-lucru-revizuite-cu-privire-la-modul-de-actualizare-a-planului-tarifar\/","og_site_name":"GhiduriDeseuri.ro","article_modified_time":"2025-10-31T20:18:45+00:00","twitter_card":"summary_large_image","twitter_misc":{"Est. reading time":"1 minute"},"schema":{"@context":"https:\/\/schema.org","@graph":[{"@type":"WebPage","@id":"https:\/\/ghidurideseuri.ro\/biblioteca\/task-a1-5-instructiuni-de-lucru-revizuite-cu-privire-la-modul-de-actualizare-a-planului-tarifar\/","url":"https:\/\/ghidurideseuri.ro\/biblioteca\/task-a1-5-instructiuni-de-lucru-revizuite-cu-privire-la-modul-de-actualizare-a-planului-tarifar\/","name":"Task A1.5 Instruc\u021biuni de lucru revizuite cu privire la modul de actualizare a Planului tarifar - GhiduriDeseuri.ro","isPartOf":{"@id":"https:\/\/ghidurideseuri.ro\/#website"},"datePublished":"2025-10-31T07:11:45+00:00","dateModified":"2025-10-31T20:18:45+00:00","breadcrumb":{"@id":"https:\/\/ghidurideseuri.ro\/biblioteca\/task-a1-5-instructiuni-de-lucru-revizuite-cu-privire-la-modul-de-actualizare-a-planului-tarifar\/#breadcrumb"},"inLanguage":"en-US","potentialAction":[{"@type":"ReadAction","target":["https:\/\/ghidurideseuri.ro\/biblioteca\/task-a1-5-instructiuni-de-lucru-revizuite-cu-privire-la-modul-de-actualizare-a-planului-tarifar\/"]}]},{"@type":"BreadcrumbList","@id":"https:\/\/ghidurideseuri.ro\/biblioteca\/task-a1-5-instructiuni-de-lucru-revizuite-cu-privire-la-modul-de-actualizare-a-planului-tarifar\/#breadcrumb","itemListElement":[{"@type":"ListItem","position":1,"name":"Home","item":"https:\/\/ghidurideseuri.ro\/"},{"@type":"ListItem","position":2,"name":"Bibliotec\u0103","item":"https:\/\/www.ghidurideseuri.ro\/en\/biblioteca\/"},{"@type":"ListItem","position":3,"name":"Task A1.5 Instruc\u021biuni de lucru revizuite cu privire la modul de actualizare a Planului tarifar"}]},{"@type":"WebSite","@id":"https:\/\/ghidurideseuri.ro\/#website","url":"https:\/\/ghidurideseuri.ro\/","name":"GhiduriDeseuri.ro","description":"","publisher":{"@id":"https:\/\/ghidurideseuri.ro\/#organization"},"potentialAction":[{"@type":"SearchAction","target":{"@type":"EntryPoint","urlTemplate":"https:\/\/ghidurideseuri.ro\/?s={search_term_string}"},"query-input":{"@type":"PropertyValueSpecification","valueRequired":true,"valueName":"search_term_string"}}],"inLanguage":"en-US"},{"@type":"Organization","@id":"https:\/\/ghidurideseuri.ro\/#organization","name":"GhiduriDeseuri.ro","url":"https:\/\/ghidurideseuri.ro\/","logo":{"@type":"ImageObject","inLanguage":"en-US","@id":"https:\/\/ghidurideseuri.ro\/#\/schema\/logo\/image\/","url":"\/wp-content\/uploads\/2025\/10\/waste-guide-logo-v2.png","contentUrl":"\/wp-content\/uploads\/2025\/10\/waste-guide-logo-v2.png","width":1303,"height":704,"caption":"GhiduriDeseuri.ro"},"image":{"@id":"https:\/\/ghidurideseuri.ro\/#\/schema\/logo\/image\/"}}]}},"_links":{"self":[{"href":"https:\/\/ghidurideseuri.ro\/en\/wp-json\/wp\/v2\/pages\/1322","targetHints":{"allow":["GET"]}}],"collection":[{"href":"https:\/\/ghidurideseuri.ro\/en\/wp-json\/wp\/v2\/pages"}],"about":[{"href":"https:\/\/ghidurideseuri.ro\/en\/wp-json\/wp\/v2\/types\/page"}],"author":[{"embeddable":true,"href":"https:\/\/ghidurideseuri.ro\/en\/wp-json\/wp\/v2\/users\/1"}],"replies":[{"embeddable":true,"href":"https:\/\/ghidurideseuri.ro\/en\/wp-json\/wp\/v2\/comments?post=1322"}],"version-history":[{"count":0,"href":"https:\/\/ghidurideseuri.ro\/en\/wp-json\/wp\/v2\/pages\/1322\/revisions"}],"up":[{"embeddable":true,"href":"https:\/\/ghidurideseuri.ro\/en\/wp-json\/wp\/v2\/pages\/650"}],"wp:attachment":[{"href":"https:\/\/ghidurideseuri.ro\/en\/wp-json\/wp\/v2\/media?parent=1322"}],"curies":[{"name":"wp","href":"https:\/\/api.w.org\/{rel}","templated":true}]}}